{"id":18,"date":"2022-04-01T20:09:42","date_gmt":"2022-04-01T18:09:42","guid":{"rendered":"https:\/\/kumi20.webd.pl\/?page_id=18"},"modified":"2022-04-01T20:09:42","modified_gmt":"2022-04-01T18:09:42","slug":"zbuduj-swoja-marke-z-nami","status":"publish","type":"page","link":"https:\/\/kumi20.webd.pl\/","title":{"rendered":"Zbuduj swoj\u0105 mark\u0119 z nami"},"content":{"rendered":"\n<p>Od samego pocz\u0105tku naszej dzia\u0142alno\u015bci naszym celem by\u0142o zaspokojenie potrzeb naszych Klient\u00f3w. Bez wzgl\u0119du na to czy tworzymy stron\u0119 www, promujemy Ci\u0119 w Internecie czy prowadzimy rozliczenia Twojej dzia\u0142alno\u015bci medycznej z Narodowym Funduszem Zdrowia, zawsze mo\u017cesz liczy\u0107 na nasze pe\u0142ne zaanga\u017cowania podej\u015bcie.<\/p>\n\n\n\n<p>Cieszymy si\u0119, \u017ce nasza praca znajduje uznanie w\u015br\u00f3d naszych klient\u00f3w. Jednocze\u015bnie tych z Pa\u0144stwa, kt\u00f3rzy nie znaj\u0105 naszej firmy zach\u0119camy do zapoznania si\u0119 z nasz\u0105 ofert\u0105 i przeanalizowaniem mo\u017cliwo\u015bci wsp\u00f3\u0142pracy.<\/p>\n\n\n\n<p id=\"marka\">Grono naszych zadowolonych klient\u00f3w stale si\u0119 powi\u0119ksza.<br>Zapraszamy do nich i Pa\u0144stwa,<\/p>\n","protected":false},"excerpt":{"rendered":"<p>Od samego pocz\u0105tku naszej dzia\u0142alno\u015bci naszym celem by\u0142o zaspokojenie potrzeb naszych Klient\u00f3w. Bez wzgl\u0119du na to czy tworzymy stron\u0119 www, promujemy Ci\u0119 w Internecie czy prowadzimy rozliczenia Twojej dzia\u0142alno\u015bci medycznej z Narodowym Funduszem Zdrowia, zawsze mo\u017cesz liczy\u0107 na nasze pe\u0142ne zaanga\u017cowania podej\u015bcie. Cieszymy si\u0119, \u017ce nasza praca znajduje uznanie w\u015br\u00f3d naszych klient\u00f3w. Jednocze\u015bnie tych z &hellip; <\/p>\n<p class=\"link-more\"><a href=\"https:\/\/kumi20.webd.pl\/\" class=\"more-link\">Czytaj dalej<span class=\"screen-reader-text\"> \u201eZbuduj swoj\u0105 mark\u0119 z nami\u201d<\/span><\/a><\/p>\n","protected":false},"author":1,"featured_media":0,"parent":0,"menu_order":0,"comment_status":"closed","ping_status":"closed","template":"","meta":{"footnotes":""},"class_list":["post-18","page","type-page","status-publish","hentry"],"_links":{"self":[{"href":"https:\/\/kumi20.webd.pl\/index.php\/wp-json\/wp\/v2\/pages\/18","targetHints":{"allow":["GET"]}}],"collection":[{"href":"https:\/\/kumi20.webd.pl\/index.php\/wp-json\/wp\/v2\/pages"}],"about":[{"href":"https:\/\/kumi20.webd.pl\/index.php\/wp-json\/wp\/v2\/types\/page"}],"author":[{"embeddable":true,"href":"https:\/\/kumi20.webd.pl\/index.php\/wp-json\/wp\/v2\/users\/1"}],"replies":[{"embeddable":true,"href":"https:\/\/kumi20.webd.pl\/index.php\/wp-json\/wp\/v2\/comments?post=18"}],"version-history":[{"count":1,"href":"https:\/\/kumi20.webd.pl\/index.php\/wp-json\/wp\/v2\/pages\/18\/revisions"}],"predecessor-version":[{"id":19,"href":"https:\/\/kumi20.webd.pl\/index.php\/wp-json\/wp\/v2\/pages\/18\/revisions\/19"}],"wp:attachment":[{"href":"https:\/\/kumi20.webd.pl\/index.php\/wp-json\/wp\/v2\/media?parent=18"}],"curies":[{"name":"wp","href":"https:\/\/api.w.org\/{rel}","templated":true}]}}